{"id":8543,"date":"2018-02-21T14:07:00","date_gmt":"2018-02-21T14:07:00","guid":{"rendered":"https:\/\/www.demo.themicart.com\/interico-wp\/?page_id=8543"},"modified":"2018-02-21T14:07:00","modified_gmt":"2018-02-21T14:07:00","slug":"demo-8","status":"publish","type":"page","link":"https:\/\/mekoyapi.com.tr\/index.php\/demo-8\/","title":{"rendered":"Demo 8 &#8211; Industrial"},"content":{"rendered":"<div class=\"wpb-content-wrapper\"><p>[vc_row css=&#8221;.vc_custom_1537784146905{margin-bottom: 80px !important;}&#8221; el_class=&#8221;overlapped&#8221;][vc_column width=&#8221;1\/4&#8243;]<div class=\"content-box service-item alignment-centered service-box-gray spacing-30\"><a href=\"https:\/\/mekoyapi.com.tr\/index.php\/services\/meko-yapi-insaat\/\"><div class=\"image-container\"><div class=\"vertical-number-box\"><span class=\"vertical-number\">01<\/span><\/div><div class=\"arrow-box\"><span class=\"icon-arrow-right\"><\/span><\/div><img decoding=\"async\" src=\"https:\/\/mekoyapi.com.tr\/wp-content\/uploads\/2018\/05\/360x500-1.png\" srcset=\"https:\/\/mekoyapi.com.tr\/wp-content\/uploads\/2018\/05\/360x500-1-270x380.png 270w, https:\/\/mekoyapi.com.tr\/wp-content\/uploads\/2018\/05\/360x500-1.png 360w\" sizes=\"(min-width: 781px) 360px, calc(100vw - 30px)\" alt=\"Metal Constructions\"><\/div><div class=\"content-box-info\"><h4 class=\"box-heading\">Metal Constructions<\/h4><\/div><\/a><\/div>[\/vc_column][vc_column width=&#8221;1\/4&#8243;]<div class=\"content-box service-item alignment-centered service-box-gray spacing-30\"><a href=\"https:\/\/mekoyapi.com.tr\/index.php\/services\/decorating\/\"><div class=\"image-container\"><div class=\"vertical-number-box\"><span class=\"vertical-number\">02<\/span><\/div><div class=\"arrow-box\"><span class=\"icon-arrow-right\"><\/span><\/div><img decoding=\"async\" src=\"https:\/\/mekoyapi.com.tr\/wp-content\/uploads\/2025\/02\/meko-mimari-tasarim.jpg\" srcset=\"https:\/\/mekoyapi.com.tr\/wp-content\/uploads\/2025\/02\/meko-mimari-tasarim-270x380.jpg 270w, https:\/\/mekoyapi.com.tr\/wp-content\/uploads\/2025\/02\/meko-mimari-tasarim.jpg 350w\" sizes=\"(min-width: 781px) 360px, calc(100vw - 30px)\" alt=\"Bar Supplies\"><\/div><div class=\"content-box-info\"><h4 class=\"box-heading\">Bar Supplies<\/h4><\/div><\/a><\/div>[\/vc_column][vc_column width=&#8221;1\/4&#8243;]<div class=\"content-box service-item alignment-centered service-box-gray spacing-30\"><a href=\"https:\/\/mekoyapi.com.tr\/index.php\/services\/floor-planning\/\"><div class=\"image-container\"><div class=\"vertical-number-box\"><span class=\"vertical-number\">03<\/span><\/div><div class=\"arrow-box\"><span class=\"icon-arrow-right\"><\/span><\/div><img decoding=\"async\" src=\"https:\/\/mekoyapi.com.tr\/wp-content\/uploads\/2025\/02\/meko-muhendislik.jpg\" srcset=\"https:\/\/mekoyapi.com.tr\/wp-content\/uploads\/2025\/02\/meko-muhendislik-270x380.jpg 270w, https:\/\/mekoyapi.com.tr\/wp-content\/uploads\/2025\/02\/meko-muhendislik.jpg 360w\" sizes=\"(min-width: 781px) 360px, calc(100vw - 30px)\" alt=\"Urban Furniture\"><\/div><div class=\"content-box-info\"><h4 class=\"box-heading\">Urban Furniture<\/h4><\/div><\/a><\/div>[\/vc_column][vc_column width=&#8221;1\/4&#8243;]<div class=\"content-box service-item alignment-centered service-box-gray spacing-30\"><a href=\"https:\/\/mekoyapi.com.tr\/index.php\/services\/interior-design\/\"><div class=\"image-container\"><div class=\"vertical-number-box\"><span class=\"vertical-number\">04<\/span><\/div><div class=\"arrow-box\"><span class=\"icon-arrow-right\"><\/span><\/div><img decoding=\"async\" src=\"https:\/\/mekoyapi.com.tr\/wp-content\/uploads\/2018\/05\/360x500-1.png\" srcset=\"https:\/\/mekoyapi.com.tr\/wp-content\/uploads\/2018\/05\/360x500-1-270x380.png 270w, https:\/\/mekoyapi.com.tr\/wp-content\/uploads\/2018\/05\/360x500-1.png 360w\" sizes=\"(min-width: 781px) 360px, calc(100vw - 30px)\" alt=\"Accessories\"><\/div><div class=\"content-box-info\"><h4 class=\"box-heading\">Accessories<\/h4><\/div><\/a><\/div>[\/vc_column][\/vc_row][vc_row full_width=&#8221;stretch_row&#8221; css=&#8221;.vc_custom_1534930948676{padding-top: 100px !important;padding-bottom: 100px !important;background: #f5f5f5 url(https:\/\/mekoyapi.com.tr\/wp-content\/uploads\/2018\/03\/vertical-lines-3-1.png?id=9229) !important;background-position: 0 0 !important;background-repeat: repeat !important;}&#8221;][vc_column width=&#8221;1\/2&#8243;]<span class=\"subtitle dash-true style-dark text-default\">How we are different<\/span>[vc_column_text]<\/p>\n<h2>Form &amp; Function. Our core values allow us to stay on track and innovate in design.<\/h2>\n<p>[\/vc_column_text][\/vc_column][vc_column width=&#8221;1\/2&#8243;][vc_column_text]Lorem Ipsum is simply dummy text of the printing and typesetting industry. Lorem Ipsum has been the industry&#8217;s standard dummy text ever since the 1500s.<\/p>\n<p>When an unknown printer took a galley of type and scrambled it to make a type specimen book. It has survived not only five centuries. Lorem Ipsum is simply dummy text of the printing.[\/vc_column_text][\/vc_column][\/vc_row][vc_row full_width=&#8221;stretch_row_content_no_spaces&#8221;][vc_column]<section class=\"section-gallery gallery-layout-wide grid-spaced not-full captions-cards gallery-dark bg-default\"><div class=\"container\"><div class=\"row\"><div class=\"col-md-12\"><div class=\"latest-projects\"><h2 class=\"section-title\">Latest Projects<\/h2><div class=\"gallery-categories normal\"><ul id=\"filters\"><li><a href=\"#\" data-filter=\"*\" class=\"selected\">All Projects<\/a><\/li><li><a href=\"#\" data-filter=\".30\">Meko Yap\u0131 | Samsun<\/a><\/li><\/ul><\/div> <\/div><\/div><\/div><\/div><div id=\"gallery\"><div class=\"container-fluid\"><div class=\"row\"><div class=\"col-xs-12 col-sm-6 col-lg-4 item 30\"><a href=\"https:\/\/mekoyapi.com.tr\/index.php\/projects\/korupark-2-evleri\/\" class=\"portfolio-box\"><div class=\"image-container\"><img loading=\"lazy\" decoding=\"async\" src=\"https:\/\/mekoyapi.com.tr\/wp-content\/uploads\/2025\/02\/korupark2.jpg\" srcset=\"https:\/\/mekoyapi.com.tr\/wp-content\/uploads\/2025\/02\/korupark2.jpg 480w\" width=\"480\" height=\"640\" sizes=\"auto, (min-width: 781px) 600px, calc(100vw - 30px)\" alt=\"KORUPARK - 2 EVLER\u0130\"><\/div><div class=\"portfolio-box-caption\"><div class=\"portfolio-box-caption-content\"><div class=\"project-category text-faded\">Meko Yap\u0131 | Samsun<\/div><div class=\"project-name\">KORUPARK - 2 EVLER\u0130<\/div><\/div><\/div><\/a><\/div><div class=\"col-xs-12 col-sm-6 col-lg-4 item 30\"><a href=\"https:\/\/mekoyapi.com.tr\/index.php\/projects\/korupark-life-evleri\/\" class=\"portfolio-box\"><div class=\"image-container\"><img loading=\"lazy\" decoding=\"async\" src=\"https:\/\/mekoyapi.com.tr\/wp-content\/uploads\/2025\/02\/meko-meko.png\" srcset=\"https:\/\/mekoyapi.com.tr\/wp-content\/uploads\/2025\/02\/meko-meko.png 480w\" width=\"480\" height=\"640\" sizes=\"auto, (min-width: 781px) 600px, calc(100vw - 30px)\" alt=\"KORUPARK L\u0130FE EVLER\u0130\"><\/div><div class=\"portfolio-box-caption\"><div class=\"portfolio-box-caption-content\"><div class=\"project-category text-faded\">Meko Yap\u0131 | Samsun<\/div><div class=\"project-name\">KORUPARK L\u0130FE EVLER\u0130<\/div><\/div><\/div><\/a><\/div><div class=\"col-xs-12 col-sm-6 col-lg-4 item 30\"><a href=\"https:\/\/mekoyapi.com.tr\/index.php\/projects\/korupark-evleri-1\/\" class=\"portfolio-box\"><div class=\"image-container\"><img loading=\"lazy\" decoding=\"async\" src=\"https:\/\/mekoyapi.com.tr\/wp-content\/uploads\/2025\/02\/korupark-1.jpg\" srcset=\"https:\/\/mekoyapi.com.tr\/wp-content\/uploads\/2025\/02\/korupark-1.jpg 480w\" width=\"480\" height=\"640\" sizes=\"auto, (min-width: 781px) 600px, calc(100vw - 30px)\" alt=\"KORUPARK EVLER\u0130 - 1\"><\/div><div class=\"portfolio-box-caption\"><div class=\"portfolio-box-caption-content\"><div class=\"project-category text-faded\">Meko Yap\u0131 | Samsun<\/div><div class=\"project-name\">KORUPARK EVLER\u0130 - 1<\/div><\/div><\/div><\/a><\/div><div class=\"col-xs-12 col-sm-6 col-lg-4 item 30\"><a href=\"https:\/\/mekoyapi.com.tr\/index.php\/projects\/panorama-evleri\/\" class=\"portfolio-box\"><div class=\"image-container\"><img loading=\"lazy\" decoding=\"async\" src=\"https:\/\/mekoyapi.com.tr\/wp-content\/uploads\/2025\/02\/panorama-meko-yapi.jpg\" srcset=\"https:\/\/mekoyapi.com.tr\/wp-content\/uploads\/2025\/02\/panorama-meko-yapi.jpg 480w\" width=\"480\" height=\"640\" sizes=\"auto, (min-width: 781px) 600px, calc(100vw - 30px)\" alt=\"PANORAMA EVLER\u0130\"><\/div><div class=\"portfolio-box-caption\"><div class=\"portfolio-box-caption-content\"><div class=\"project-category text-faded\">Meko Yap\u0131 | Samsun<\/div><div class=\"project-name\">PANORAMA EVLER\u0130<\/div><\/div><\/div><\/a><\/div><div class=\"col-xs-12 col-sm-6 col-lg-4 item 30\"><a href=\"https:\/\/mekoyapi.com.tr\/index.php\/projects\/atakum-ruyam-evleri\/\" class=\"portfolio-box\"><div class=\"image-container\"><img loading=\"lazy\" decoding=\"async\" src=\"https:\/\/mekoyapi.com.tr\/wp-content\/uploads\/2025\/02\/atakum-ruyam-evleri.jpg\" srcset=\"https:\/\/mekoyapi.com.tr\/wp-content\/uploads\/2025\/02\/atakum-ruyam-evleri.jpg 480w\" width=\"480\" height=\"640\" sizes=\"auto, (min-width: 781px) 600px, calc(100vw - 30px)\" alt=\"ATAKUM R\u00dcYAM EVLER\u0130\"><\/div><div class=\"portfolio-box-caption\"><div class=\"portfolio-box-caption-content\"><div class=\"project-category text-faded\">Meko Yap\u0131 | Samsun<\/div><div class=\"project-name\">ATAKUM R\u00dcYAM EVLER\u0130<\/div><\/div><\/div><\/a><\/div><div class=\"col-xs-12 col-sm-6 col-lg-4 item 30\"><a href=\"https:\/\/mekoyapi.com.tr\/index.php\/projects\/billurkent-sitesi-meko-yapi\/\" class=\"portfolio-box\"><div class=\"image-container\"><img loading=\"lazy\" decoding=\"async\" src=\"https:\/\/mekoyapi.com.tr\/wp-content\/uploads\/2025\/01\/billurkent-meko-yapi.jpg\" srcset=\"https:\/\/mekoyapi.com.tr\/wp-content\/uploads\/2025\/01\/billurkent-meko-yapi.jpg 480w\" width=\"480\" height=\"640\" sizes=\"auto, (min-width: 781px) 600px, calc(100vw - 30px)\" alt=\"B\u0130LLURKENT S\u0130TES\u0130\"><\/div><div class=\"portfolio-box-caption\"><div class=\"portfolio-box-caption-content\"><div class=\"project-category text-faded\">Meko Yap\u0131 | Samsun<\/div><div class=\"project-name\">B\u0130LLURKENT S\u0130TES\u0130<\/div><\/div><\/div><\/a><\/div><\/div><\/div><\/div><a href=\"https:\/\/mekoyapi.com.tr\/index.php\/demo-8\/\" class=\"btn-all-projects\">All Projects<\/a><\/section>[\/vc_column][\/vc_row][vc_row full_width=&#8221;stretch_row&#8221; css=&#8221;.vc_custom_1537784158579{background: #f5f5f5 url(https:\/\/mekoyapi.com.tr\/wp-content\/uploads\/2018\/03\/vertical-lines-3-1.png?id=9229) !important;background-position: 0 0 !important;background-repeat: repeat !important;}&#8221; el_class=&#8221;spaced&#8221;][vc_column width=&#8221;1\/3&#8243;]<span class=\"subtitle dash-true style-dark text-default\">How we work<\/span>[vc_column_text]<\/p>\n<h2>Milestones that we proudly accomplished &amp; lead us forward.<\/h2>\n<p>[\/vc_column_text][\/vc_column][vc_column width=&#8221;2\/3&#8243;][vc_row_inner][vc_column_inner width=&#8221;1\/2&#8243;]<div class=\"number-box style-default spacing-30\"><a href=\"#\"><div class=\"number-box-number\">127+<\/div><div class=\"content-box\"><div class=\"content-box-info\"><h3>Completed projects<\/h3><p class=\"number-box-content\">It&#039;s our honour to contribute at such volume &amp; design people their dream home.<\/p><div class=\"btn-read-more\">All Projects<\/div><\/div><\/div><\/a><\/div>[\/vc_column_inner][vc_column_inner width=&#8221;1\/2&#8243;]<div class=\"number-box style-default spacing-30\"><a href=\"#\"><div class=\"number-box-number\">14<\/div><div class=\"content-box\"><div class=\"content-box-info\"><h3>Team members<\/h3><p class=\"number-box-content\">Our team is highly specialized and makes exceptional skill combination.<\/p><div class=\"btn-read-more\">About us<\/div><\/div><\/div><\/a><\/div>[\/vc_column_inner][\/vc_row_inner][vc_row_inner][vc_column_inner width=&#8221;1\/2&#8243;]<div class=\"number-box style-default spacing-30\"><a href=\"#\"><div class=\"number-box-number\">7d.<\/div><div class=\"content-box\"><div class=\"content-box-info\"><h3>Our fastest project<\/h3><p class=\"number-box-content\">Top urgency appartment interior design project in just 7 days.<\/p><div class=\"btn-read-more\">Read More<\/div><\/div><\/div><\/a><\/div>[\/vc_column_inner][vc_column_inner width=&#8221;1\/2&#8243;]<div class=\"number-box style-default spacing-30\"><a href=\"#\"><div class=\"number-box-number\">14.2k<\/div><div class=\"content-box\"><div class=\"content-box-info\"><h3>Size of the largest project<\/h3><p class=\"number-box-content\">We work with big and small, and we are not afraid of challenges.<\/p><div class=\"btn-read-more\">Case Study<\/div><\/div><\/div><\/a><\/div>[\/vc_column_inner][\/vc_row_inner][\/vc_column][\/vc_row][vc_row full_width=&#8221;stretch_row&#8221; equal_height=&#8221;yes&#8221; content_placement=&#8221;middle&#8221; el_class=&#8221;spaced&#8221;][vc_column width=&#8221;8\/12&#8243;][vc_single_image image=&#8221;10016&#8243; img_size=&#8221;full&#8221; onclick=&#8221;img_link_large&#8221;][\/vc_column][vc_column width=&#8221;4\/12&#8243;][vc_row_inner el_class=&#8221;overlap-left&#8221;][vc_column_inner el_class=&#8221;shadow-box&#8221;]<span class=\"subtitle dash-true style-dark text-default\">About us<\/span>[vc_column_text css=&#8221;.vc_custom_1534931345620{margin-bottom: 20px !important;}&#8221;]<\/p>\n<h2>Our Design Philosophy<\/h2>\n<p>Lorem Ipsum is simply dummy text of the printing and typesetting industry. Lorem Ipsum has been the industry&#8217;s standard dummy text ever since the 1500s.[\/vc_column_text]<a href=\"#\" class=\"btn btn-regular arrow-right\"><span>Read More<\/span><\/a>[\/vc_column_inner][\/vc_row_inner][\/vc_column][\/vc_row][vc_row full_width=&#8221;stretch_row&#8221; css=&#8221;.vc_custom_1536922456384{padding-top: 80px !important;padding-bottom: 60px !important;background: #f5f5f5 url(https:\/\/mekoyapi.com.tr\/wp-content\/uploads\/2018\/03\/vertical-lines-3-1.png?id=9229) !important;background-position: 0 0 !important;background-repeat: repeat !important;}&#8221;][vc_column width=&#8221;1\/6&#8243;]<img loading=\"lazy\" decoding=\"async\" class=\"tooltip-image size-full aligncenter\" src=\"https:\/\/mekoyapi.com.tr\/wp-content\/uploads\/2018\/09\/logo-6.png\" alt=\"Bigger Wall\" title=\"Bigger Wall\" width=\"122\" height=\"57\" data-toggle=\"tooltip\" \/>[\/vc_column][vc_column width=&#8221;1\/6&#8243;]<img loading=\"lazy\" decoding=\"async\" class=\"tooltip-image size-full aligncenter\" src=\"https:\/\/mekoyapi.com.tr\/wp-content\/uploads\/2018\/09\/logo-7.png\" alt=\"Fine Home Box\" title=\"Fine Home Box\" width=\"122\" height=\"57\" data-toggle=\"tooltip\" \/>[\/vc_column][vc_column width=&#8221;1\/6&#8243;]<img loading=\"lazy\" decoding=\"async\" class=\"tooltip-image size-full aligncenter\" src=\"https:\/\/mekoyapi.com.tr\/wp-content\/uploads\/2018\/09\/logo-8.png\" alt=\"Bright Sun Views\" title=\"Bright Sun Views\" width=\"122\" height=\"57\" data-toggle=\"tooltip\" \/>[\/vc_column][vc_column width=&#8221;1\/6&#8243;]<img loading=\"lazy\" decoding=\"async\" class=\"tooltip-image size-full aligncenter\" src=\"https:\/\/mekoyapi.com.tr\/wp-content\/uploads\/2018\/09\/logo-3.png\" alt=\"Ciner Build\" title=\"Ciner Build\" width=\"122\" height=\"57\" data-toggle=\"tooltip\" \/>[\/vc_column][vc_column width=&#8221;1\/6&#8243;]<img loading=\"lazy\" decoding=\"async\" class=\"tooltip-image size-full aligncenter\" src=\"https:\/\/mekoyapi.com.tr\/wp-content\/uploads\/2018\/09\/logo-5.png\" alt=\"Top Shelf\" title=\"Top Shelf\" width=\"122\" height=\"57\" data-toggle=\"tooltip\" \/>[\/vc_column][vc_column width=&#8221;1\/6&#8243;]<img loading=\"lazy\" decoding=\"async\" class=\"tooltip-image size-full aligncenter\" src=\"https:\/\/mekoyapi.com.tr\/wp-content\/uploads\/2018\/09\/logo-4.png\" alt=\"Sprinter Brick\" title=\"Sprinter Brick\" width=\"122\" height=\"57\" data-toggle=\"tooltip\" \/>[\/vc_column][\/vc_row][vc_row full_width=&#8221;stretch_row&#8221; css=&#8221;.vc_custom_1536762528417{background: #39858e url(https:\/\/mekoyapi.com.tr\/wp-content\/uploads\/2018\/04\/vertical-lines-dark.png?id=9781) !important;background-position: 0 0 !important;background-repeat: repeat !important;}&#8221; el_class=&#8221;spaced&#8221;][vc_column]<span class=\"subtitle dash-false style-light text-center\">Work with the best<\/span>[vc_column_text]<\/p>\n<h2 style=\"text-align: center;\"><span style=\"color: #ffffff;\">Amazing team with international recognition<\/span><\/h2>\n<p>[\/vc_column_text]<div class=\"dash style-light centered\"><\/div>[vc_row_inner css=&#8221;.vc_custom_1534230795018{margin-top: 60px !important;}&#8221;][vc_column_inner width=&#8221;1\/4&#8243;]<div class=\"team-member light\"><div class=\"content-box\"><div class=\"image-container\"><div class=\"member-details\"><hr><span class=\"member-info\">Lorem ipsum dolor sit amet, consectetuer adipiscing elit. Phasellus hendrerit.<\/span><hr><\/div><div class=\"side-overlay\"><\/div><div class=\"vertical-number-box\"><span class=\"vertical-number\">Architect<\/span><\/div><img decoding=\"async\" src=\"https:\/\/mekoyapi.com.tr\/wp-content\/uploads\/2018\/04\/480x540-2.png\" alt=\"Jack Ottoman\"><\/div><div class=\"content-box-info\"><h4>Jack Ottoman<\/h4><\/div><\/div><\/div>[\/vc_column_inner][vc_column_inner width=&#8221;1\/4&#8243;]<div class=\"team-member light\"><div class=\"content-box\"><div class=\"image-container\"><div class=\"member-details\"><hr><span class=\"member-info\">Lorem ipsum dolor sit amet, consectetuer adipiscing elit. Phasellus hendrerit.<\/span><hr><\/div><div class=\"side-overlay\"><\/div><div class=\"vertical-number-box\"><span class=\"vertical-number\">Architect<\/span><\/div><img decoding=\"async\" src=\"https:\/\/mekoyapi.com.tr\/wp-content\/uploads\/2018\/04\/480x540-2.png\" alt=\"Alison Clutcher\"><\/div><div class=\"content-box-info\"><h4>Alison Clutcher<\/h4><\/div><\/div><\/div>[\/vc_column_inner][vc_column_inner width=&#8221;1\/4&#8243;]<div class=\"team-member light\"><div class=\"content-box\"><div class=\"image-container\"><div class=\"member-details\"><hr><span class=\"member-info\">Lorem ipsum dolor sit amet, consectetuer adipiscing elit. Phasellus hendrerit.<\/span><hr><\/div><div class=\"side-overlay\"><\/div><div class=\"vertical-number-box\"><span class=\"vertical-number\">Designer<\/span><\/div><img decoding=\"async\" src=\"https:\/\/mekoyapi.com.tr\/wp-content\/uploads\/2018\/04\/480x540-2.png\" alt=\"Julie Crawford\"><\/div><div class=\"content-box-info\"><h4>Julie Crawford<\/h4><\/div><\/div><\/div>[\/vc_column_inner][vc_column_inner width=&#8221;1\/4&#8243;]<div class=\"team-member light\"><div class=\"content-box\"><div class=\"image-container\"><div class=\"member-details\"><hr><span class=\"member-info\">Lorem ipsum dolor sit amet, consectetuer adipiscing elit. Phasellus hendrerit.<\/span><hr><\/div><div class=\"side-overlay\"><\/div><div class=\"vertical-number-box\"><span class=\"vertical-number\">Project Manager<\/span><\/div><img decoding=\"async\" src=\"https:\/\/mekoyapi.com.tr\/wp-content\/uploads\/2018\/04\/480x540-2.png\" alt=\"Peter Jefferson\"><\/div><div class=\"content-box-info\"><h4>Peter Jefferson<\/h4><\/div><\/div><\/div>[\/vc_column_inner][\/vc_row_inner][\/vc_column][\/vc_row][vc_row full_width=&#8221;stretch_row&#8221; css=&#8221;.vc_custom_1536762538772{background-image: url(https:\/\/mekoyapi.com.tr\/wp-content\/uploads\/2018\/04\/1920&#215;1080.png?id=10044) !important;}&#8221; el_class=&#8221;spaced&#8221;][vc_column width=&#8221;1\/2&#8243;][\/vc_column][vc_column width=&#8221;1\/2&#8243;][vc_row_inner][vc_column_inner el_class=&#8221;shadow-box&#8221;]<span class=\"subtitle dash-false style-dark text-default\">Contact us<\/span>[vc_column_text]<\/p>\n<h2>Have a creative project? Let&#8217;s get in touch.<\/h2>\n<p>[\/vc_column_text]<div class=\"divider-light\"><\/div>[contact-form-7 id=&#8221;6793&#8243;][\/vc_column_inner][\/vc_row_inner][\/vc_column][\/vc_row]<\/p>\n<\/div>","protected":false},"excerpt":{"rendered":"<p>[vc_row css=&#8221;.vc_custom_1537784146905{margin-bottom: 80px !important;}&#8221; el_class=&#8221;overlapped&#8221;][vc_column width=&#8221;1\/4&#8243;][\/vc_column][vc_column width=&#8221;1\/4&#8243;][\/vc_column][vc_column width=&#8221;1\/4&#8243;][\/vc_column][vc_column width=&#8221;1\/4&#8243;][\/vc_column][\/vc_row][vc_row full_width=&#8221;stretch_row&#8221; css=&#8221;.vc_custom_1534930948676{padding-top: 100px !important;padding-bottom: 100px !important;background: #f5f5f5 url(https:\/\/mekoyapi.com.tr\/wp-content\/uploads\/2018\/03\/vertical-lines-3-1.png?id=9229) !important;background-position: 0 0 !important;background-repeat: repeat !important;}&#8221;][vc_column width=&#8221;1\/2&#8243;][vc_column_text] Form &amp; Function. Our core values allow us to stay on track and innovate in design. [\/vc_column_text][\/vc_column][vc_column width=&#8221;1\/2&#8243;][vc_column_text]Lorem Ipsum is simply dummy text of the printing and typesetting industry. Lorem Ipsum [&hellip;]<\/p>\n","protected":false},"author":1,"featured_media":0,"parent":0,"menu_order":0,"comment_status":"closed","ping_status":"closed","template":"page-slider.php","meta":{"footnotes":""},"class_list":["post-8543","page","type-page","status-publish","hentry"],"acf":[],"_links":{"self":[{"href":"https:\/\/mekoyapi.com.tr\/index.php\/wp-json\/wp\/v2\/pages\/8543","targetHints":{"allow":["GET"]}}],"collection":[{"href":"https:\/\/mekoyapi.com.tr\/index.php\/wp-json\/wp\/v2\/pages"}],"about":[{"href":"https:\/\/mekoyapi.com.tr\/index.php\/wp-json\/wp\/v2\/types\/page"}],"author":[{"embeddable":true,"href":"https:\/\/mekoyapi.com.tr\/index.php\/wp-json\/wp\/v2\/users\/1"}],"replies":[{"embeddable":true,"href":"https:\/\/mekoyapi.com.tr\/index.php\/wp-json\/wp\/v2\/comments?post=8543"}],"version-history":[{"count":0,"href":"https:\/\/mekoyapi.com.tr\/index.php\/wp-json\/wp\/v2\/pages\/8543\/revisions"}],"wp:attachment":[{"href":"https:\/\/mekoyapi.com.tr\/index.php\/wp-json\/wp\/v2\/media?parent=8543"}],"curies":[{"name":"wp","href":"https:\/\/api.w.org\/{rel}","templated":true}]}}