{"id":8540,"date":"2018-02-21T14:06:33","date_gmt":"2018-02-21T14:06:33","guid":{"rendered":"https:\/\/www.demo.themicart.com\/interico-wp\/?page_id=8540"},"modified":"2018-02-21T14:06:33","modified_gmt":"2018-02-21T14:06:33","slug":"demo-6","status":"publish","type":"page","link":"https:\/\/mekoyapi.com.tr\/index.php\/demo-6\/","title":{"rendered":"Demo 6 &#8211; Plants"},"content":{"rendered":"<div class=\"wpb-content-wrapper\"><p>[vc_row full_width=&#8221;stretch_row&#8221; css=&#8221;.vc_custom_1536761859466{background-color: #f5f5f5 !important;}&#8221; el_class=&#8221;mobile-full&#8221;][vc_column width=&#8221;1\/4&#8243; css=&#8221;.vc_custom_1534926839578{padding-top: 0px !important;padding-right: 0px !important;}&#8221;]<a href=\"#\"><div class=\"feature-box icon-large-left box-default spacing-0 spacing-mob-0\"><span class=\"lnr lnr-star\"><\/span><div class=\"content-wrapper\"><h3 class=\"feature-title\">Award-winning Solutions<\/h3><div class=\"btn-read-more\">Unique Offer<\/div><\/div><\/div><\/a>[\/vc_column][vc_column width=&#8221;1\/4&#8243; css=&#8221;.vc_custom_1534926848043{padding-top: 0px !important;padding-right: 0px !important;padding-left: 0px !important;}&#8221;]<a href=\"#\"><div class=\"feature-box icon-large-left box-default spacing-0 spacing-mob-0\"><span class=\"lnr lnr-calendar-full\"><\/span><div class=\"content-wrapper\"><h3 class=\"feature-title\">Exclusive 10 year warranty<\/h3><div class=\"btn-read-more\">What&#039;s included<\/div><\/div><\/div><\/a>[\/vc_column][vc_column width=&#8221;1\/4&#8243; css=&#8221;.vc_custom_1534926855140{padding-top: 0px !important;padding-right: 0px !important;padding-left: 0px !important;}&#8221;]<a href=\"#\"><div class=\"feature-box icon-large-left box-default spacing-0 spacing-mob-0\"><span class=\"lnr lnr-home\"><\/span><div class=\"content-wrapper\"><h3 class=\"feature-title\">Top level interior projects<\/h3><div class=\"btn-read-more\">See our work<\/div><\/div><\/div><\/a>[\/vc_column][vc_column width=&#8221;1\/4&#8243; css=&#8221;.vc_custom_1534926865189{padding-top: 0px !important;padding-left: 0px !important;}&#8221;]<a href=\"#\"><div class=\"feature-box icon-large-left box-hovered spacing-0 spacing-mob-0\"><span class=\"lnr lnr-pencil\"><\/span><div class=\"content-wrapper\"><h3 class=\"feature-title\">Get a personal estimate<\/h3><div class=\"btn-read-more\">Fill the form<\/div><\/div><\/div><\/a>[\/vc_column][\/vc_row][vc_row full_width=&#8221;stretch_row&#8221; equal_height=&#8221;yes&#8221; content_placement=&#8221;middle&#8221; el_class=&#8221;spaced mobile-full&#8221;][vc_column width=&#8221;1\/2&#8243;][vc_row_inner el_class=&#8221;overlap-right&#8221;][vc_column_inner el_class=&#8221;shadow-box&#8221;]<span class=\"subtitle dash-true style-dark text-default\">We work differently.<\/span>[vc_column_text]<\/p>\n<h2>We <em>supply &amp; maintain<\/em> plants for interiors.<\/h2>\n<p>Lorem Ipsum is simply dummy text of the printing and typesetting industry. Lorem Ipsum has been the industry&#8217;s standard dummy text ever since the 1500s.[\/vc_column_text][vc_column_text]<div class=\"panel-group light\" id=\"accordion-0\"><div class=\"panel\"><div class=\"panel-heading\"><h3 class=\"panel-title\"><a class=\"accordion-toggle in\" data-toggle=\"collapse\" data-parent=\"#accordion-0\" href=\"#collapse_0_Increase-productivity\">Increase productivity<\/a><\/h3><\/div><div id=\"collapse_0_Increase-productivity\" class=\"panel-collapse collapse in\"><div class=\"panel-body\">We put major emphasis in this phase and we treat it as one pf the most important parts of any project.\n<p>Our experienced engineers will help you avoid any possible obstacles and provide with detailed solutions on the technologies to be used, materials and important decisions in different situations.<br \/>\n<\/p> <\/div><\/div><\/div>\n<div class=\"panel\"><div class=\"panel-heading\"><h3 class=\"panel-title\"><a class=\"accordion-toggle \" data-toggle=\"collapse\" data-parent=\"#accordion-0\" href=\"#collapse_1_Boost-happiness\">Boost happiness<\/a><\/h3><\/div><div id=\"collapse_1_Boost-happiness\" class=\"panel-collapse collapse \"><div class=\"panel-body\">We put major emphasis in this phase and we treat it as one pf the most important parts of any project.\n<p>Our experienced engineers will help you avoid any possible obstacles and provide with detailed solutions on the technologies to be used, materials and important decisions in different situations.<\/p> <\/div><\/div><\/div><div class=\"panel\"><div class=\"panel-heading\"><h3 class=\"panel-title\"><a class=\"accordion-toggle \" data-toggle=\"collapse\" data-parent=\"#accordion-0\" href=\"#collapse_2_Fresh-atmosphere\">Fresh atmosphere<\/a><\/h3><\/div><div id=\"collapse_2_Fresh-atmosphere\" class=\"panel-collapse collapse \"><div class=\"panel-body\">We put major emphasis in this phase and we treat it as one pf the most important parts of any project.\n<p>Our experienced engineers will help you avoid any possible obstacles and provide with detailed solutions on the technologies to be used, materials and important decisions in different situations.<\/p> <\/div><\/div><\/div><\/div>[\/vc_column_text][\/vc_column_inner][\/vc_row_inner][\/vc_column][vc_column width=&#8221;1\/2&#8243; css=&#8221;.vc_custom_1536744816303{padding-top: 0px !important;}&#8221;][vc_single_image image=&#8221;10499&#8243; img_size=&#8221;full&#8221; onclick=&#8221;img_link_large&#8221;][\/vc_column][\/vc_row][vc_row css=&#8221;.vc_custom_1536761911888{padding-top: 60px !important;padding-bottom: 80px !important;}&#8221;][vc_column]<span class=\"subtitle dash-false style-dark text-center\">Our Work<\/span>[vc_column_text]<\/p>\n<h2 style=\"text-align: center;\">Exceptional projects we have accomplished.<\/h2>\n<p>[\/vc_column_text]<div class=\"dash style-dark centered\"><\/div>[\/vc_column][\/vc_row][vc_row full_width=&#8221;stretch_row_content_no_spaces&#8221;][vc_column]<section class=\"section-gallery gallery-layout-vertical grid-fluid captions-default\"><div><div class=\"container-fluid\"><div class=\"row no-gutter\"><div id=\"gallery-slider\"><div class=\"item meko-yapi-samsun \"><a href=\"https:\/\/mekoyapi.com.tr\/index.php\/projects\/korupark-2-evleri\/\" class=\"portfolio-box image-container\"><img decoding=\"async\" src=\"https:\/\/mekoyapi.com.tr\/wp-content\/uploads\/2025\/02\/korupark2.jpg\" srcset=\"https:\/\/mekoyapi.com.tr\/wp-content\/uploads\/2025\/02\/korupark2-360x570.jpg 360w, https:\/\/mekoyapi.com.tr\/wp-content\/uploads\/2025\/02\/korupark2.jpg 480w\" sizes=\"(min-width: 781px) 480px, calc(100vw - 30px)\" alt=\"KORUPARK - 2 EVLER\u0130\"><div class=\"portfolio-box-caption\"><div class=\"portfolio-box-caption-content\"><span class=\"vertical-number\">01<\/span><div class=\"project-category text-faded\">meko-yapi-samsun <\/div><div class=\"project-name\">KORUPARK - 2 EVLER\u0130<\/div><\/div><\/div><\/a><\/div><div class=\"item meko-yapi-samsun \"><a href=\"https:\/\/mekoyapi.com.tr\/index.php\/projects\/korupark-life-evleri\/\" class=\"portfolio-box image-container\"><img decoding=\"async\" src=\"https:\/\/mekoyapi.com.tr\/wp-content\/uploads\/2025\/02\/meko-meko.png\" srcset=\"https:\/\/mekoyapi.com.tr\/wp-content\/uploads\/2025\/02\/meko-meko-360x570.png 360w, https:\/\/mekoyapi.com.tr\/wp-content\/uploads\/2025\/02\/meko-meko.png 480w\" sizes=\"(min-width: 781px) 480px, calc(100vw - 30px)\" alt=\"KORUPARK L\u0130FE EVLER\u0130\"><div class=\"portfolio-box-caption\"><div class=\"portfolio-box-caption-content\"><span class=\"vertical-number\">02<\/span><div class=\"project-category text-faded\">meko-yapi-samsun <\/div><div class=\"project-name\">KORUPARK L\u0130FE EVLER\u0130<\/div><\/div><\/div><\/a><\/div><div class=\"item meko-yapi-samsun \"><a href=\"https:\/\/mekoyapi.com.tr\/index.php\/projects\/korupark-evleri-1\/\" class=\"portfolio-box image-container\"><img decoding=\"async\" src=\"https:\/\/mekoyapi.com.tr\/wp-content\/uploads\/2025\/02\/korupark-1.jpg\" srcset=\"https:\/\/mekoyapi.com.tr\/wp-content\/uploads\/2025\/02\/korupark-1-360x570.jpg 360w, https:\/\/mekoyapi.com.tr\/wp-content\/uploads\/2025\/02\/korupark-1.jpg 480w\" sizes=\"(min-width: 781px) 480px, calc(100vw - 30px)\" alt=\"KORUPARK EVLER\u0130 - 1\"><div class=\"portfolio-box-caption\"><div class=\"portfolio-box-caption-content\"><span class=\"vertical-number\">03<\/span><div class=\"project-category text-faded\">meko-yapi-samsun <\/div><div class=\"project-name\">KORUPARK EVLER\u0130 - 1<\/div><\/div><\/div><\/a><\/div><div class=\"item meko-yapi-samsun \"><a href=\"https:\/\/mekoyapi.com.tr\/index.php\/projects\/panorama-evleri\/\" class=\"portfolio-box image-container\"><img decoding=\"async\" src=\"https:\/\/mekoyapi.com.tr\/wp-content\/uploads\/2025\/02\/panorama-meko-yapi.jpg\" srcset=\"https:\/\/mekoyapi.com.tr\/wp-content\/uploads\/2025\/02\/panorama-meko-yapi-360x570.jpg 360w, https:\/\/mekoyapi.com.tr\/wp-content\/uploads\/2025\/02\/panorama-meko-yapi.jpg 480w\" sizes=\"(min-width: 781px) 480px, calc(100vw - 30px)\" alt=\"PANORAMA EVLER\u0130\"><div class=\"portfolio-box-caption\"><div class=\"portfolio-box-caption-content\"><span class=\"vertical-number\">04<\/span><div class=\"project-category text-faded\">meko-yapi-samsun <\/div><div class=\"project-name\">PANORAMA EVLER\u0130<\/div><\/div><\/div><\/a><\/div><div class=\"item meko-yapi-samsun \"><a href=\"https:\/\/mekoyapi.com.tr\/index.php\/projects\/atakum-ruyam-evleri\/\" class=\"portfolio-box image-container\"><img decoding=\"async\" src=\"https:\/\/mekoyapi.com.tr\/wp-content\/uploads\/2025\/02\/atakum-ruyam-evleri.jpg\" srcset=\"https:\/\/mekoyapi.com.tr\/wp-content\/uploads\/2025\/02\/atakum-ruyam-evleri-360x570.jpg 360w, https:\/\/mekoyapi.com.tr\/wp-content\/uploads\/2025\/02\/atakum-ruyam-evleri.jpg 480w\" sizes=\"(min-width: 781px) 480px, calc(100vw - 30px)\" alt=\"ATAKUM R\u00dcYAM EVLER\u0130\"><div class=\"portfolio-box-caption\"><div class=\"portfolio-box-caption-content\"><span class=\"vertical-number\">05<\/span><div class=\"project-category text-faded\">meko-yapi-samsun <\/div><div class=\"project-name\">ATAKUM R\u00dcYAM EVLER\u0130<\/div><\/div><\/div><\/a><\/div><div class=\"item meko-yapi-samsun \"><a href=\"https:\/\/mekoyapi.com.tr\/index.php\/projects\/billurkent-sitesi-meko-yapi\/\" class=\"portfolio-box image-container\"><img decoding=\"async\" src=\"https:\/\/mekoyapi.com.tr\/wp-content\/uploads\/2025\/01\/billurkent-meko-yapi.jpg\" srcset=\"https:\/\/mekoyapi.com.tr\/wp-content\/uploads\/2025\/01\/billurkent-meko-yapi-360x570.jpg 360w, https:\/\/mekoyapi.com.tr\/wp-content\/uploads\/2025\/01\/billurkent-meko-yapi.jpg 480w\" sizes=\"(min-width: 781px) 480px, calc(100vw - 30px)\" alt=\"B\u0130LLURKENT S\u0130TES\u0130\"><div class=\"portfolio-box-caption\"><div class=\"portfolio-box-caption-content\"><span class=\"vertical-number\">06<\/span><div class=\"project-category text-faded\">meko-yapi-samsun <\/div><div class=\"project-name\">B\u0130LLURKENT S\u0130TES\u0130<\/div><\/div><\/div><\/a><\/div><\/div><\/div><\/div><\/div><\/section>[\/vc_column][\/vc_row][vc_row full_width=&#8221;stretch_row&#8221; css=&#8221;.vc_custom_1538383944481{background: #f5f5f5 url(https:\/\/mekoyapi.com.tr\/wp-content\/uploads\/2018\/03\/vertical-lines-3-1.png?id=9229) !important;background-position: 0 0 !important;background-repeat: repeat !important;}&#8221; el_class=&#8221;spaced&#8221;][vc_column width=&#8221;1\/4&#8243; css=&#8221;.vc_custom_1535028953370{padding-top: 40px !important;}&#8221;]<span class=\"subtitle dash-false style-dark text-default\">What we do<\/span>[vc_column_text css=&#8221;.vc_custom_1535028982895{margin-bottom: 0px !important;}&#8221;]<\/p>\n<h2>Our services<br \/>\nwith precision<\/h2>\n<p>[\/vc_column_text]<div class=\"dash style-dark default\"><\/div>[vc_column_text]When an unknown printer took a galley of type and scrambled it to make a type specimen book.<\/p>\n<p>It has survived not only five centuries. When an unknown printer took a galley of type and scrambled it to make a type specimen book.[\/vc_column_text]<a href=\"\" class=\"btn btn-primary arrow-right\"><span>View Services<\/span><\/a>[\/vc_column][vc_column width=&#8221;1\/4&#8243;]<div class=\"content-box service-item alignment-centered service-box-white spacing-30\"><a href=\"https:\/\/mekoyapi.com.tr\/index.php\/services\/decorating\/\"><div class=\"image-container\"><div class=\"vertical-number-box\"><span class=\"vertical-number\">01<\/span><\/div><div class=\"arrow-box\"><span class=\"icon-arrow-right\"><\/span><\/div><img decoding=\"async\" src=\"https:\/\/mekoyapi.com.tr\/wp-content\/uploads\/2025\/02\/meko-mimari-tasarim.jpg\" srcset=\"https:\/\/mekoyapi.com.tr\/wp-content\/uploads\/2025\/02\/meko-mimari-tasarim-270x380.jpg 270w, https:\/\/mekoyapi.com.tr\/wp-content\/uploads\/2025\/02\/meko-mimari-tasarim.jpg 350w\" sizes=\"(min-width: 781px) 360px, calc(100vw - 30px)\" alt=\"Office Plants\"><\/div><div class=\"content-box-info\"><h4 class=\"box-heading\">Office Plants<\/h4><\/div><\/a><\/div>[\/vc_column][vc_column width=&#8221;1\/4&#8243;]<div class=\"content-box service-item alignment-centered service-box-white spacing-30\"><a href=\"https:\/\/mekoyapi.com.tr\/index.php\/services\/floor-planning\/\"><div class=\"image-container\"><div class=\"vertical-number-box\"><span class=\"vertical-number\">02<\/span><\/div><div class=\"arrow-box\"><span class=\"icon-arrow-right\"><\/span><\/div><img decoding=\"async\" src=\"https:\/\/mekoyapi.com.tr\/wp-content\/uploads\/2025\/02\/meko-muhendislik.jpg\" srcset=\"https:\/\/mekoyapi.com.tr\/wp-content\/uploads\/2025\/02\/meko-muhendislik-270x380.jpg 270w, https:\/\/mekoyapi.com.tr\/wp-content\/uploads\/2025\/02\/meko-muhendislik.jpg 360w\" sizes=\"(min-width: 781px) 360px, calc(100vw - 30px)\" alt=\"Interior Plants\"><\/div><div class=\"content-box-info\"><h4 class=\"box-heading\">Interior Plants<\/h4><\/div><\/a><\/div>[\/vc_column][vc_column width=&#8221;1\/4&#8243;]<div class=\"content-box service-item alignment-centered service-box-white spacing-30\"><a href=\"https:\/\/mekoyapi.com.tr\/index.php\/services\/interior-design\/\"><div class=\"image-container\"><div class=\"vertical-number-box\"><span class=\"vertical-number\">03<\/span><\/div><div class=\"arrow-box\"><span class=\"icon-arrow-right\"><\/span><\/div><img decoding=\"async\" src=\"https:\/\/mekoyapi.com.tr\/wp-content\/uploads\/2018\/05\/360x500-1.png\" srcset=\"https:\/\/mekoyapi.com.tr\/wp-content\/uploads\/2018\/05\/360x500-1-270x380.png 270w, https:\/\/mekoyapi.com.tr\/wp-content\/uploads\/2018\/05\/360x500-1.png 360w\" sizes=\"(min-width: 781px) 360px, calc(100vw - 30px)\" alt=\"Care &amp; Service\"><\/div><div class=\"content-box-info\"><h4 class=\"box-heading\">Care &amp; Service<\/h4><\/div><\/a><\/div>[\/vc_column][\/vc_row][vc_row full_width=&#8221;stretch_row&#8221; equal_height=&#8221;yes&#8221; content_placement=&#8221;middle&#8221; el_class=&#8221;spaced&#8221;][vc_column width=&#8221;1\/2&#8243;][vc_single_image image=&#8221;10501&#8243; img_size=&#8221;full&#8221; onclick=&#8221;img_link_large&#8221;][\/vc_column][vc_column width=&#8221;1\/2&#8243;][vc_row_inner el_class=&#8221;overlap-left&#8221;][vc_column_inner el_class=&#8221;shadow-box&#8221;]<span class=\"subtitle dash-true style-dark text-default\">Who we are<\/span>[vc_column_text]<\/p>\n<h2>We create beautiful home interiors<\/h2>\n<p>Lorem Ipsum is simply dummy text of the printing and typesetting industry. Lorem Ipsum has been the industry&#8217;s standard dummy text ever since the 1500s.[\/vc_column_text][vc_column_text]<ul class=\"nav nav-tabs style-accent light\" id=\"custom-tabs-39\"><li class=\"active\"><a href=\"#custom-tab-0-Our-Story\"  data-toggle=\"tab\">Our Story<\/a><\/li><li><a href=\"#custom-tab-0-Philosophy\"  data-toggle=\"tab\">Philosophy<\/a><\/li><li><a href=\"#custom-tab-0-Vision\"  data-toggle=\"tab\">Vision<\/a><\/li><\/ul><div class=\"tab-content style-accent\"><div id=\"custom-tab-0-Our-Story\" class=\"tab-pane animated fadeIn active\">The research phase is very important. We do our best to plan every possible outcome, which would affect the budget and time of finishing the project:\n<ul>\n<li>Based on your exact needs, get only what your project requires.<\/li>\n<li>Cost effective, to secure uninteruptable construction process.<\/li>\n<li>We always get the best people in the field to work on specific areas.<\/li>\n<\/ul>\n<p><\/p><\/div><div id=\"custom-tab-0-Philosophy\" class=\"tab-pane animated fadeIn \">The research phase is very important. We do our best to plan every possible outcome, which would affect the budget and time of finishing the project:\n<ul>\n<li>Based on your exact needs, get only what your project requires.<\/li>\n<li>Cost effective, to secure uninteruptable construction process.<\/li>\n<li>We always get the best people in the field to work on specific areas.<\/li>\n<\/ul>\n<p><\/p><\/div><div id=\"custom-tab-0-Vision\" class=\"tab-pane animated fadeIn \">The research phase is very important. We do our best to plan every possible outcome, which would affect the budget and time of finishing the project:\n<ul>\n<li>Based on your exact needs, get only what your project requires.<\/li>\n<li>Cost effective, to secure uninteruptable construction process.<\/li>\n<li>We always get the best people in the field to work on specific areas.<\/li>\n<\/ul>\n<p><\/p><\/div><\/div>[\/vc_column_text][\/vc_column_inner][\/vc_row_inner][\/vc_column][\/vc_row][vc_row full_width=&#8221;stretch_row&#8221; css=&#8221;.vc_custom_1536761954829{background: #f5f5f5 url(https:\/\/mekoyapi.com.tr\/wp-content\/uploads\/2018\/03\/vertical-lines-3-1.png?id=9229) !important;background-position: 0 0 !important;background-repeat: repeat !important;}&#8221; el_class=&#8221;spaced&#8221;][vc_column][vc_row_inner][vc_column_inner width=&#8221;1\/4&#8243;]<span class=\"subtitle dash-true style-dark text-default\">How we work<\/span>[vc_column_text]<\/p>\n<h2>Proven <span style=\"color: #7d6741;\">Process <\/span>for top result.<\/h2>\n<p>When an unknown printer took a galley of type and scrambled it to make a type specimen book.[\/vc_column_text]<a href=\"\" class=\"btn btn-primary arrow-right\"><span>Button<\/span><\/a>[\/vc_column_inner][vc_column_inner width=&#8221;1\/4&#8243;]<div class=\"number-box style-default spacing-30\"><a href=\"#\"><div class=\"number-box-number\">01<\/div><div class=\"content-box\"><div class=\"content-box-info\"><h3>Meeting<\/h3><p class=\"number-box-content\">When an unknown printer took a galley of type and scrambled it to make a book.<\/p><\/div><\/div><\/a><\/div>[\/vc_column_inner][vc_column_inner width=&#8221;1\/4&#8243;]<div class=\"number-box style-default spacing-30\"><a href=\"#\"><div class=\"number-box-number\">02<\/div><div class=\"content-box\"><div class=\"content-box-info\"><h3>Idea Generation<\/h3><p class=\"number-box-content\">When an unknown printer took a galley of type and scrambled it to make a book.<\/p><\/div><\/div><\/a><\/div>[\/vc_column_inner][vc_column_inner width=&#8221;1\/4&#8243;]<div class=\"number-box style-default spacing-30\"><a href=\"#\"><div class=\"number-box-number\">03<\/div><div class=\"content-box\"><div class=\"content-box-info\"><h3>Design<\/h3><p class=\"number-box-content\">When an unknown printer took a galley of type and scrambled it to make a book.<\/p><\/div><\/div><\/a><\/div>[\/vc_column_inner][\/vc_row_inner][\/vc_column][\/vc_row][vc_row full_width=&#8221;stretch_row&#8221; css=&#8221;.vc_custom_1536761061534{padding-top: 10% !important;padding-bottom: 10% !important;background-image: url(https:\/\/mekoyapi.com.tr\/wp-content\/uploads\/2018\/03\/blog-bg.png?id=9171) !important;}&#8221;][vc_column]<div class=\"\"><div class=\"row\"><div class=\"col-md-12 title-link-box clearfix \"><h2 class=\"section-title\">Latest News<\/h2><a class=\"btn-read-more\" href=\"https:\/\/mekoyapi.com.tr\/index.php\/projects\/billurkent-sitesi-meko-yapi\/\">All Articles<\/a><\/div><\/div><div class=\"divider-light \"><\/div><div class=\"row\"><div id=\"news\"><div class=\"col-sm-4\"><a href=\"https:\/\/mekoyapi.com.tr\/index.php\/2018\/04\/25\/meko-yapi-2025\/\"><article class=\"blog-post-box spacing-30 light\"><div class=\"image-container\"><img decoding=\"async\" src=\"https:\/\/mekoyapi.com.tr\/wp-content\/uploads\/2018\/04\/900x450-430x220.png\" srcset=\"https:\/\/mekoyapi.com.tr\/wp-content\/uploads\/2018\/04\/900x450.png 900w\" sizes=\"(min-width: 781px) 400px, calc(100vw - 30px)\" alt=\"Meko Yap\u0131 | Samsun | Atakum\"><\/div><p class=\"blog-date\"><span>25 Nisan 2018<\/span><\/p><div class=\"content-box-info\"><h3 class=\"box-heading\">Meko Yap\u0131 | Samsun | Atakum<\/h3><p>\nMeko Yap\u0131 | Kazan\u00e7l\u0131 Ya\u015fam\u0131n Mimar\u0131\n\n\n\n1996 y\u0131l\u0131ndan bu yana T\u00fcrkiye\u2019nin in\u015faat sekt\u00f6r\u00fcnde \u00f6nc\u00fc ve lider bir firma olarak faaliyet...<\/p><div class=\"btn-read-more\">Read More<\/div><\/div><\/article><\/a><\/div><\/div><\/div><\/div>[\/vc_column][\/vc_row][vc_row full_width=&#8221;stretch_row&#8221; css=&#8221;.vc_custom_1536761068819{padding-top: 10% !important;padding-bottom: 10% !important;background-image: url(https:\/\/mekoyapi.com.tr\/wp-content\/uploads\/2018\/04\/1920&#215;1080.png?id=10044) !important;}&#8221;][vc_column width=&#8221;1\/2&#8243;][\/vc_column][vc_column width=&#8221;1\/2&#8243;][vc_row_inner][vc_column_inner el_class=&#8221;shadow-box&#8221;]<span class=\"subtitle dash-false style-dark text-default\">Get a free quote<\/span>[vc_column_text css=&#8221;.vc_custom_1536653201847{margin-bottom: 0px !important;}&#8221;]<\/p>\n<h2>Have a creative project? <strong>Let&#8217;s get in touch.<\/strong><\/h2>\n<p>[\/vc_column_text]<div class=\"dash style-dark default\"><\/div>[contact-form-7 id=&#8221;6793&#8243;][\/vc_column_inner][\/vc_row_inner][\/vc_column][\/vc_row]<\/p>\n<\/div>","protected":false},"excerpt":{"rendered":"<p>[vc_row full_width=&#8221;stretch_row&#8221; css=&#8221;.vc_custom_1536761859466{background-color: #f5f5f5 !important;}&#8221; el_class=&#8221;mobile-full&#8221;][vc_column width=&#8221;1\/4&#8243; css=&#8221;.vc_custom_1534926839578{padding-top: 0px !important;padding-right: 0px !important;}&#8221;][\/vc_column][vc_column width=&#8221;1\/4&#8243; css=&#8221;.vc_custom_1534926848043{padding-top: 0px !important;padding-right: 0px !important;padding-left: 0px !important;}&#8221;][\/vc_column][vc_column width=&#8221;1\/4&#8243; css=&#8221;.vc_custom_1534926855140{padding-top: 0px !important;padding-right: 0px !important;padding-left: 0px !important;}&#8221;][\/vc_column][vc_column width=&#8221;1\/4&#8243; css=&#8221;.vc_custom_1534926865189{padding-top: 0px !important;padding-left: 0px !important;}&#8221;][\/vc_column][\/vc_row][vc_row full_width=&#8221;stretch_row&#8221; equal_height=&#8221;yes&#8221; content_placement=&#8221;middle&#8221; el_class=&#8221;spaced mobile-full&#8221;][vc_column width=&#8221;1\/2&#8243;][vc_row_inner el_class=&#8221;overlap-right&#8221;][vc_column_inner el_class=&#8221;shadow-box&#8221;][vc_column_text] We supply &amp; maintain plants for interiors. Lorem Ipsum is simply dummy text [&hellip;]<\/p>\n","protected":false},"author":1,"featured_media":0,"parent":0,"menu_order":0,"comment_status":"closed","ping_status":"closed","template":"page-slider.php","meta":{"footnotes":""},"class_list":["post-8540","page","type-page","status-publish","hentry"],"acf":[],"_links":{"self":[{"href":"https:\/\/mekoyapi.com.tr\/index.php\/wp-json\/wp\/v2\/pages\/8540","targetHints":{"allow":["GET"]}}],"collection":[{"href":"https:\/\/mekoyapi.com.tr\/index.php\/wp-json\/wp\/v2\/pages"}],"about":[{"href":"https:\/\/mekoyapi.com.tr\/index.php\/wp-json\/wp\/v2\/types\/page"}],"author":[{"embeddable":true,"href":"https:\/\/mekoyapi.com.tr\/index.php\/wp-json\/wp\/v2\/users\/1"}],"replies":[{"embeddable":true,"href":"https:\/\/mekoyapi.com.tr\/index.php\/wp-json\/wp\/v2\/comments?post=8540"}],"version-history":[{"count":0,"href":"https:\/\/mekoyapi.com.tr\/index.php\/wp-json\/wp\/v2\/pages\/8540\/revisions"}],"wp:attachment":[{"href":"https:\/\/mekoyapi.com.tr\/index.php\/wp-json\/wp\/v2\/media?parent=8540"}],"curies":[{"name":"wp","href":"https:\/\/api.w.org\/{rel}","templated":true}]}}