{"id":12283,"date":"2018-09-07T07:37:40","date_gmt":"2018-09-07T07:37:40","guid":{"rendered":"https:\/\/themicart.com\/interico-wpb\/?page_id=12283"},"modified":"2018-09-07T07:37:40","modified_gmt":"2018-09-07T07:37:40","slug":"home-portfolio-grid","status":"publish","type":"page","link":"https:\/\/mekoyapi.com.tr\/index.php\/home-portfolio-grid\/","title":{"rendered":"Home Portfolio Grid"},"content":{"rendered":"<div class=\"wpb-content-wrapper\"><p>[vc_row full_width=&#8221;stretch_row_content_no_spaces&#8221; css=&#8221;.vc_custom_1536847896675{margin-top: -120px !important;background-image: url(https:\/\/mekoyapi.com.tr\/wp-content\/uploads\/2018\/05\/vertical-lines-light-2.png?id=11374) !important;background-position: 0 0 !important;background-repeat: repeat !important;}&#8221;][vc_column]<section class=\"section-gallery gallery-layout-wide grid-spaced not-full captions-default gallery-dark bg-transparent\"><div class=\"container\"><div class=\"row\"><div class=\"col-md-12\"><div class=\"latest-projects\"><\/div><\/div><\/div><\/div><div id=\"gallery\"><div class=\"container-fluid\"><div class=\"row\"><div class=\"col-xs-12 col-sm-6 col-lg-4 item 30\"><a href=\"https:\/\/mekoyapi.com.tr\/index.php\/projects\/korupark-2-evleri\/\" class=\"portfolio-box\"><div class=\"image-container\"><img loading=\"lazy\" decoding=\"async\" src=\"https:\/\/mekoyapi.com.tr\/wp-content\/uploads\/2025\/02\/korupark2.jpg\" srcset=\"https:\/\/mekoyapi.com.tr\/wp-content\/uploads\/2025\/02\/korupark2.jpg 480w\" width=\"480\" height=\"640\" sizes=\"auto, (min-width: 781px) 600px, calc(100vw - 30px)\" alt=\"KORUPARK - 2 EVLER\u0130\"><\/div><div class=\"portfolio-box-caption\"><div class=\"portfolio-box-caption-content\"><div class=\"project-category text-faded\">Meko Yap\u0131 | Samsun<\/div><div class=\"project-name\">KORUPARK - 2 EVLER\u0130<\/div><\/div><\/div><\/a><\/div><div class=\"col-xs-12 col-sm-6 col-lg-4 item 30\"><a href=\"https:\/\/mekoyapi.com.tr\/index.php\/projects\/korupark-life-evleri\/\" class=\"portfolio-box\"><div class=\"image-container\"><img loading=\"lazy\" decoding=\"async\" src=\"https:\/\/mekoyapi.com.tr\/wp-content\/uploads\/2025\/02\/meko-meko.png\" srcset=\"https:\/\/mekoyapi.com.tr\/wp-content\/uploads\/2025\/02\/meko-meko.png 480w\" width=\"480\" height=\"640\" sizes=\"auto, (min-width: 781px) 600px, calc(100vw - 30px)\" alt=\"KORUPARK L\u0130FE EVLER\u0130\"><\/div><div class=\"portfolio-box-caption\"><div class=\"portfolio-box-caption-content\"><div class=\"project-category text-faded\">Meko Yap\u0131 | Samsun<\/div><div class=\"project-name\">KORUPARK L\u0130FE EVLER\u0130<\/div><\/div><\/div><\/a><\/div><div class=\"col-xs-12 col-sm-6 col-lg-4 item 30\"><a href=\"https:\/\/mekoyapi.com.tr\/index.php\/projects\/korupark-evleri-1\/\" class=\"portfolio-box\"><div class=\"image-container\"><img loading=\"lazy\" decoding=\"async\" src=\"https:\/\/mekoyapi.com.tr\/wp-content\/uploads\/2025\/02\/korupark-1.jpg\" srcset=\"https:\/\/mekoyapi.com.tr\/wp-content\/uploads\/2025\/02\/korupark-1.jpg 480w\" width=\"480\" height=\"640\" sizes=\"auto, (min-width: 781px) 600px, calc(100vw - 30px)\" alt=\"KORUPARK EVLER\u0130 - 1\"><\/div><div class=\"portfolio-box-caption\"><div class=\"portfolio-box-caption-content\"><div class=\"project-category text-faded\">Meko Yap\u0131 | Samsun<\/div><div class=\"project-name\">KORUPARK EVLER\u0130 - 1<\/div><\/div><\/div><\/a><\/div><div class=\"col-xs-12 col-sm-6 col-lg-4 item 30\"><a href=\"https:\/\/mekoyapi.com.tr\/index.php\/projects\/panorama-evleri\/\" class=\"portfolio-box\"><div class=\"image-container\"><img loading=\"lazy\" decoding=\"async\" src=\"https:\/\/mekoyapi.com.tr\/wp-content\/uploads\/2025\/02\/panorama-meko-yapi.jpg\" srcset=\"https:\/\/mekoyapi.com.tr\/wp-content\/uploads\/2025\/02\/panorama-meko-yapi.jpg 480w\" width=\"480\" height=\"640\" sizes=\"auto, (min-width: 781px) 600px, calc(100vw - 30px)\" alt=\"PANORAMA EVLER\u0130\"><\/div><div class=\"portfolio-box-caption\"><div class=\"portfolio-box-caption-content\"><div class=\"project-category text-faded\">Meko Yap\u0131 | Samsun<\/div><div class=\"project-name\">PANORAMA EVLER\u0130<\/div><\/div><\/div><\/a><\/div><div class=\"col-xs-12 col-sm-6 col-lg-4 item 30\"><a href=\"https:\/\/mekoyapi.com.tr\/index.php\/projects\/atakum-ruyam-evleri\/\" class=\"portfolio-box\"><div class=\"image-container\"><img loading=\"lazy\" decoding=\"async\" src=\"https:\/\/mekoyapi.com.tr\/wp-content\/uploads\/2025\/02\/atakum-ruyam-evleri.jpg\" srcset=\"https:\/\/mekoyapi.com.tr\/wp-content\/uploads\/2025\/02\/atakum-ruyam-evleri.jpg 480w\" width=\"480\" height=\"640\" sizes=\"auto, (min-width: 781px) 600px, calc(100vw - 30px)\" alt=\"ATAKUM R\u00dcYAM EVLER\u0130\"><\/div><div class=\"portfolio-box-caption\"><div class=\"portfolio-box-caption-content\"><div class=\"project-category text-faded\">Meko Yap\u0131 | Samsun<\/div><div class=\"project-name\">ATAKUM R\u00dcYAM EVLER\u0130<\/div><\/div><\/div><\/a><\/div><div class=\"col-xs-12 col-sm-6 col-lg-4 item 30\"><a href=\"https:\/\/mekoyapi.com.tr\/index.php\/projects\/billurkent-sitesi-meko-yapi\/\" class=\"portfolio-box\"><div class=\"image-container\"><img loading=\"lazy\" decoding=\"async\" src=\"https:\/\/mekoyapi.com.tr\/wp-content\/uploads\/2025\/01\/billurkent-meko-yapi.jpg\" srcset=\"https:\/\/mekoyapi.com.tr\/wp-content\/uploads\/2025\/01\/billurkent-meko-yapi.jpg 480w\" width=\"480\" height=\"640\" sizes=\"auto, (min-width: 781px) 600px, calc(100vw - 30px)\" alt=\"B\u0130LLURKENT S\u0130TES\u0130\"><\/div><div class=\"portfolio-box-caption\"><div class=\"portfolio-box-caption-content\"><div class=\"project-category text-faded\">Meko Yap\u0131 | Samsun<\/div><div class=\"project-name\">B\u0130LLURKENT S\u0130TES\u0130<\/div><\/div><\/div><\/a><\/div><div class=\"col-xs-12 col-sm-6 col-lg-4 item 30\"><a href=\"https:\/\/mekoyapi.com.tr\/index.php\/projects\/atakent-evleri-sitesi-meko-yapi\/\" class=\"portfolio-box\"><div class=\"image-container\"><img loading=\"lazy\" decoding=\"async\" src=\"https:\/\/mekoyapi.com.tr\/wp-content\/uploads\/2025\/01\/atakent-meko-yapi.jpg\" srcset=\"https:\/\/mekoyapi.com.tr\/wp-content\/uploads\/2025\/01\/atakent-meko-yapi.jpg 480w\" width=\"480\" height=\"640\" sizes=\"auto, (min-width: 781px) 600px, calc(100vw - 30px)\" alt=\"ATAKENT EVLER\u0130 S\u0130TES\u0130\"><\/div><div class=\"portfolio-box-caption\"><div class=\"portfolio-box-caption-content\"><div class=\"project-category text-faded\">Meko Yap\u0131 | Samsun<\/div><div class=\"project-name\">ATAKENT EVLER\u0130 S\u0130TES\u0130<\/div><\/div><\/div><\/a><\/div><div class=\"col-xs-12 col-sm-6 col-lg-4 item 30\"><a href=\"https:\/\/mekoyapi.com.tr\/index.php\/projects\/gazi-sitesi-meko-yapi\/\" class=\"portfolio-box\"><div class=\"image-container\"><img loading=\"lazy\" decoding=\"async\" src=\"https:\/\/mekoyapi.com.tr\/wp-content\/uploads\/2025\/01\/gazi-sitesi-meko-yapi.jpg\" srcset=\"https:\/\/mekoyapi.com.tr\/wp-content\/uploads\/2025\/01\/gazi-sitesi-meko-yapi.jpg 480w\" width=\"480\" height=\"640\" sizes=\"auto, (min-width: 781px) 600px, calc(100vw - 30px)\" alt=\"GAZ\u0130 S\u0130TES\u0130\"><\/div><div class=\"portfolio-box-caption\"><div class=\"portfolio-box-caption-content\"><div class=\"project-category text-faded\">Meko Yap\u0131 | Samsun<\/div><div class=\"project-name\">GAZ\u0130 S\u0130TES\u0130<\/div><\/div><\/div><\/a><\/div><div class=\"col-xs-12 col-sm-6 col-lg-4 item 30\"><a href=\"https:\/\/mekoyapi.com.tr\/index.php\/projects\/meko-yapi-armada-sitesi\/\" class=\"portfolio-box\"><div class=\"image-container\"><img loading=\"lazy\" decoding=\"async\" src=\"https:\/\/mekoyapi.com.tr\/wp-content\/uploads\/2025\/01\/meko-armada-1.jpg\" srcset=\"https:\/\/mekoyapi.com.tr\/wp-content\/uploads\/2025\/01\/meko-armada-1.jpg 480w\" width=\"480\" height=\"640\" sizes=\"auto, (min-width: 781px) 600px, calc(100vw - 30px)\" alt=\"ARMADA S\u0130TES\u0130\"><\/div><div class=\"portfolio-box-caption\"><div class=\"portfolio-box-caption-content\"><div class=\"project-category text-faded\">Meko Yap\u0131 | Samsun<\/div><div class=\"project-name\">ARMADA S\u0130TES\u0130<\/div><\/div><\/div><\/a><\/div><div class=\"col-xs-12 col-sm-6 col-lg-4 item 30\"><a href=\"https:\/\/mekoyapi.com.tr\/index.php\/projects\/birlik-sitesi-meko-yapi\/\" class=\"portfolio-box\"><div class=\"image-container\"><img loading=\"lazy\" decoding=\"async\" src=\"https:\/\/mekoyapi.com.tr\/wp-content\/uploads\/2025\/01\/emko-birlik-sitesi.jpg\" srcset=\"https:\/\/mekoyapi.com.tr\/wp-content\/uploads\/2025\/01\/emko-birlik-sitesi.jpg 480w\" width=\"480\" height=\"640\" sizes=\"auto, (min-width: 781px) 600px, calc(100vw - 30px)\" alt=\"B\u0130RL\u0130K S\u0130TES\u0130\"><\/div><div class=\"portfolio-box-caption\"><div class=\"portfolio-box-caption-content\"><div class=\"project-category text-faded\">Meko Yap\u0131 | Samsun<\/div><div class=\"project-name\">B\u0130RL\u0130K S\u0130TES\u0130<\/div><\/div><\/div><\/a><\/div><div class=\"col-xs-12 col-sm-6 col-lg-4 item 30\"><a href=\"https:\/\/mekoyapi.com.tr\/index.php\/projects\/ortaklar-sitesi\/\" class=\"portfolio-box\"><div class=\"image-container\"><img loading=\"lazy\" decoding=\"async\" src=\"https:\/\/mekoyapi.com.tr\/wp-content\/uploads\/2018\/09\/meko-yapi-ortaklar-sitesi.jpg\" srcset=\"https:\/\/mekoyapi.com.tr\/wp-content\/uploads\/2018\/09\/meko-yapi-ortaklar-sitesi.jpg 480w\" width=\"480\" height=\"640\" sizes=\"auto, (min-width: 781px) 600px, calc(100vw - 30px)\" alt=\"ORTAKLAR S\u0130TES\u0130\"><\/div><div class=\"portfolio-box-caption\"><div class=\"portfolio-box-caption-content\"><div class=\"project-category text-faded\">Meko Yap\u0131 | Samsun<\/div><div class=\"project-name\">ORTAKLAR S\u0130TES\u0130<\/div><\/div><\/div><\/a><\/div><\/div><\/div><\/div><\/section>[\/vc_column][\/vc_row][vc_row full_width=&#8221;stretch_row&#8221; css=&#8221;.vc_custom_1538384163257{padding-top: 90px !important;padding-bottom: 90px !important;background-image: url(https:\/\/mekoyapi.com.tr\/wp-content\/uploads\/2018\/05\/vertical-lines-light-2.png?id=11374) !important;background-position: 0 0 !important;background-repeat: repeat !important;}&#8221;][vc_column width=&#8221;1\/3&#8243;][vc_column_text]<\/p>\n<h2>We love design, that&#8217;s how we got here.<\/h2>\n<p>[\/vc_column_text]<div class=\"dash style-dark default\"><\/div>[\/vc_column][vc_column width=&#8221;1\/3&#8243;][vc_column_text]When an unknown printer took a galley of type and scrambled it to make a type specimen book. It has survived not only five centuries. When an unknown printer took a galley of type and scrambled it to make a type specimen book.<\/p>\n<p>When an unknown printer took a galley of type and scrambled it to make a type specimen book.[\/vc_column_text][\/vc_column][vc_column width=&#8221;1\/3&#8243;][vc_column_text]When an unknown printer took a galley of type and scrambled it to make a type specimen book. It has survived not only five centuries.<\/p>\n<p>When an unknown printer took a galley of type and scrambled it to make a type specimen book. When an unknown printer took a galley of type and scrambled it to make a type specimen book.[\/vc_column_text][\/vc_column][\/vc_row][vc_row full_width=&#8221;stretch_row&#8221; equal_height=&#8221;yes&#8221; css=&#8221;.vc_custom_1538384211612{padding-top: 90px !important;padding-bottom: 60px !important;background: #f5f5f5 url(https:\/\/mekoyapi.com.tr\/wp-content\/uploads\/2018\/10\/vertical-grid-5.png?id=12972) !important;background-position: 0 0 !important;background-repeat: repeat !important;}&#8221; el_class=&#8221;spaced-bot&#8221;][vc_column width=&#8221;1\/3&#8243;]<div class=\"feature-box icon-top-centered box-hovered spacing-30 spacing-mob-30\"><span class=\"lnr lnr-star\"><\/span><div class=\"content-wrapper\"><h3 class=\"feature-title\">Exceptional Service Quality<\/h3><\/div><\/div>[\/vc_column][vc_column width=&#8221;1\/3&#8243;]<div class=\"feature-box icon-top-centered box-hovered spacing-30 spacing-mob-30\"><span class=\"lnr lnr-home\"><\/span><div class=\"content-wrapper\"><h3 class=\"feature-title\">Top Grade Materials<\/h3><\/div><\/div>[\/vc_column][vc_column width=&#8221;1\/3&#8243;]<div class=\"feature-box icon-top-centered box-hovered spacing-30 spacing-mob-30\"><span class=\"lnr lnr-diamond\"><\/span><div class=\"content-wrapper\"><h3 class=\"feature-title\">Award-Winning Products<\/h3><\/div><\/div>[\/vc_column][\/vc_row][vc_row full_width=&#8221;stretch_row&#8221; content_placement=&#8221;middle&#8221; css=&#8221;.vc_custom_1536306793477{padding-top: 120px !important;padding-bottom: 120px !important;background-image: url(https:\/\/mekoyapi.com.tr\/wp-content\/uploads\/2018\/04\/1920&#215;1080.png?id=10044) !important;}&#8221;][vc_column width=&#8221;1\/2&#8243;][\/vc_column][vc_column width=&#8221;1\/2&#8243;][vc_row_inner][vc_column_inner el_class=&#8221;shadow-box&#8221;]<span class=\"subtitle dash-false style-dark text-default\">Contact us<\/span>[vc_column_text]<\/p>\n<h2><span style=\"color: #7d6741;\">Creative project?<\/span> Let&#8217;s have a productive talk.<\/h2>\n<p>[\/vc_column_text]<div class=\"dash style-dark default\"><\/div>[contact-form-7 id=&#8221;6793&#8243;][\/vc_column_inner][\/vc_row_inner][\/vc_column][\/vc_row]<\/p>\n<\/div>","protected":false},"excerpt":{"rendered":"<p>[vc_row full_width=&#8221;stretch_row_content_no_spaces&#8221; css=&#8221;.vc_custom_1536847896675{margin-top: -120px !important;background-image: url(https:\/\/mekoyapi.com.tr\/wp-content\/uploads\/2018\/05\/vertical-lines-light-2.png?id=11374) !important;background-position: 0 0 !important;background-repeat: repeat !important;}&#8221;][vc_column][\/vc_column][\/vc_row][vc_row full_width=&#8221;stretch_row&#8221; css=&#8221;.vc_custom_1538384163257{padding-top: 90px !important;padding-bottom: 90px !important;background-image: url(https:\/\/mekoyapi.com.tr\/wp-content\/uploads\/2018\/05\/vertical-lines-light-2.png?id=11374) !important;background-position: 0 0 !important;background-repeat: repeat !important;}&#8221;][vc_column width=&#8221;1\/3&#8243;][vc_column_text] We love design, that&#8217;s how we got here. [\/vc_column_text][\/vc_column][vc_column width=&#8221;1\/3&#8243;][vc_column_text]When an unknown printer took a galley of type and scrambled it to make a type specimen book. It has [&hellip;]<\/p>\n","protected":false},"author":1,"featured_media":0,"parent":0,"menu_order":0,"comment_status":"closed","ping_status":"closed","template":"page-slider.php","meta":{"footnotes":""},"class_list":["post-12283","page","type-page","status-publish","hentry"],"acf":[],"_links":{"self":[{"href":"https:\/\/mekoyapi.com.tr\/index.php\/wp-json\/wp\/v2\/pages\/12283","targetHints":{"allow":["GET"]}}],"collection":[{"href":"https:\/\/mekoyapi.com.tr\/index.php\/wp-json\/wp\/v2\/pages"}],"about":[{"href":"https:\/\/mekoyapi.com.tr\/index.php\/wp-json\/wp\/v2\/types\/page"}],"author":[{"embeddable":true,"href":"https:\/\/mekoyapi.com.tr\/index.php\/wp-json\/wp\/v2\/users\/1"}],"replies":[{"embeddable":true,"href":"https:\/\/mekoyapi.com.tr\/index.php\/wp-json\/wp\/v2\/comments?post=12283"}],"version-history":[{"count":0,"href":"https:\/\/mekoyapi.com.tr\/index.php\/wp-json\/wp\/v2\/pages\/12283\/revisions"}],"wp:attachment":[{"href":"https:\/\/mekoyapi.com.tr\/index.php\/wp-json\/wp\/v2\/media?parent=12283"}],"curies":[{"name":"wp","href":"https:\/\/api.w.org\/{rel}","templated":true}]}}